{"id":3011,"date":"2024-07-15T09:45:46","date_gmt":"2024-07-15T09:45:46","guid":{"rendered":"https:\/\/transfers-vip.com\/mentions-legales\/"},"modified":"2024-10-28T07:23:18","modified_gmt":"2024-10-28T07:23:18","slug":"mentions-legales","status":"publish","type":"page","link":"https:\/\/www.transfers-vip.com\/fr\/mentions-legales\/","title":{"rendered":"Mentions l\u00e9gales"},"content":{"rendered":"\n<h2 class=\"wp-block-heading\">1.&nbsp; \u00c9diteur du Site :<\/h2>\n\n\n\n<p>VIP INTERNATIONAL LTD<\/p>\n\n\n\n<p>Office 4 &#8211; 219 Kensington High Street,<\/p>\n\n\n\n<p>Kensington, London,<\/p>\n\n\n\n<p>England, W8 6BD<\/p>\n\n\n\n<p>info@viptransferts.com<\/p>\n\n\n\n<h2 class=\"wp-block-heading\">2. Directeur de la publication :<\/h2>\n\n\n\n<p>Timothy Pinto<\/p>\n\n\n\n<h2 class=\"wp-block-heading\">3. H\u00e9bergeur :<\/h2>\n\n\n\n<p>OVH<\/p>\n\n\n\n<p>SAS au capital de 10 174 560 \u20ac<\/p>\n\n\n\n<p>RCS Lille M\u00e9tropole 424 761 419 00045<\/p>\n\n\n\n<p>Code APE 2620Z<\/p>\n\n\n\n<p>N\u00b0 TVA : FR 22 424 761 419<\/p>\n\n\n\n<p>Si\u00e8ge social : 2 rue Kellermann &#8211; 59100 Roubaix &#8211; France.<\/p>\n\n\n\n<p>Pr\u00e9sident : Michel Paulin<\/p>\n\n\n\n<p>OVH SAS est une filiale de la soci\u00e9t\u00e9 OVH Groupe SA, soci\u00e9t\u00e9 immatricul\u00e9e au RCS de Lille sous le num\u00e9ro 537 407 926 sise 2, rue Kellermann, 59100 Roubaix.<\/p>\n\n\n\n<h2 class=\"wp-block-heading\">4. Propri\u00e9t\u00e9 intellectuelle :<\/h2>\n\n\n\n<p>L&rsquo;ensemble des \u00e9l\u00e9ments (textes, images, logos, marque&#8230;) pr\u00e9sents sur le site <strong>https:\/\/www.transfers-vip.com\/fr\/ <\/strong>&nbsp;sont prot\u00e9g\u00e9s par les lois en vigueur sur la propri\u00e9t\u00e9 intellectuelle et appartiennent \u00e0 <strong>VIP International <\/strong>ou font l&rsquo;objet d&rsquo;une autorisation d&rsquo;usage. Toute reproduction, modification, diffusion ou utilisation de ces \u00e9l\u00e9ments sans accord pr\u00e9alable \u00e9crit est strictement interdite.<\/p>\n\n\n\n<h2 class=\"wp-block-heading\">5. Responsabilit\u00e9 :<\/h2>\n\n\n\n<p><strong>VIP International <\/strong>ne peut \u00eatre tenu responsable des dommages directs ou indirects caus\u00e9s au mat\u00e9riel de l&rsquo;utilisateur, lors de l&rsquo;acc\u00e8s au site <strong>https:\/\/www.transfers-vip.com\/fr\/ <\/strong>, et r\u00e9sultant soit de l&rsquo;utilisation d&rsquo;un mat\u00e9riel ne r\u00e9pondant pas aux sp\u00e9cifications indiqu\u00e9es, soit de l&rsquo;apparition d&rsquo;un bug ou d&rsquo;une incompatibilit\u00e9. <strong>VIP International <\/strong>ne peut \u00e9galement \u00eatre tenu responsable des dommages indirects (tels par exemple qu&rsquo;une perte de march\u00e9 ou perte d&rsquo;une chance) cons\u00e9cutifs \u00e0 l&rsquo;utilisation du site <strong>https:\/\/www.transfers-vip.com\/fr\/ <\/strong>.<\/p>\n\n\n\n<h2 class=\"wp-block-heading\">6. Donn\u00e9es personnelles :<\/h2>\n\n\n\n<p>Conform\u00e9ment \u00e0 la loi \u00ab\u00a0Informatique et Libert\u00e9s\u00a0\u00bb et au RGPD, <strong>VIP International <\/strong>s&rsquo;engage \u00e0 respecter la confidentialit\u00e9 des donn\u00e9es personnelles collect\u00e9es et \u00e0 ne les utiliser que pour les besoins propres du site et de son activit\u00e9.<\/p>\n\n\n\n<h2 class=\"wp-block-heading\">7. Liens hypertextes :<\/h2>\n\n\n\n<p>Le site <strong>https:\/\/www.transfers-vip.com\/fr\/ <\/strong>&nbsp;peut contenir des liens hypertextes vers d\u2019autres sites. <strong>VIP International <\/strong>n&rsquo;assume aucune responsabilit\u00e9 sur le contenu des sites tiers.<\/p>\n","protected":false},"excerpt":{"rendered":"<p>1.&nbsp; \u00c9diteur du Site : VIP INTERNATIONAL LTD Office 4 &#8211; 219 Kensington High Street, Kensington, London, England, W8 6BD info@viptransferts.com 2. Directeur de la publication : Timothy Pinto 3. H\u00e9bergeur : OVH SAS au capital de 10 174 560 \u20ac RCS Lille M\u00e9tropole 424 761 419 00045 Code APE 2620Z N\u00b0 TVA : FR [&hellip;]<\/p>\n","protected":false},"author":1,"featured_media":0,"parent":0,"menu_order":0,"comment_status":"closed","ping_status":"closed","template":"","meta":{"_acf_changed":false,"footnotes":""},"class_list":["post-3011","page","type-page","status-publish","hentry"],"acf":[],"yoast_head":"<!-- This site is optimized with the Yoast SEO plugin v27.4 - https:\/\/yoast.com\/product\/yoast-seo-wordpress\/ -->\n<title>Mentions l\u00e9gales<\/title>\n<meta name=\"robots\" content=\"index, follow, max-snippet:-1, max-image-preview:large, max-video-preview:-1\" \/>\n<link rel=\"canonical\" href=\"https:\/\/www.transfers-vip.com\/fr\/mentions-legales\/\" \/>\n<meta property=\"og:locale\" content=\"fr_FR\" \/>\n<meta property=\"og:type\" content=\"article\" \/>\n<meta property=\"og:title\" content=\"Mentions l\u00e9gales\" \/>\n<meta property=\"og:description\" content=\"1.&nbsp; \u00c9diteur du Site : VIP INTERNATIONAL LTD Office 4 &#8211; 219 Kensington High Street, Kensington, London, England, W8 6BD info@viptransferts.com 2. Directeur de la publication : Timothy Pinto 3. H\u00e9bergeur : OVH SAS au capital de 10 174 560 \u20ac RCS Lille M\u00e9tropole 424 761 419 00045 Code APE 2620Z N\u00b0 TVA : FR [&hellip;]\" \/>\n<meta property=\"og:url\" content=\"https:\/\/www.transfers-vip.com\/fr\/mentions-legales\/\" \/>\n<meta property=\"og:site_name\" content=\"vip-transferts\" \/>\n<meta property=\"article:modified_time\" content=\"2024-10-28T07:23:18+00:00\" \/>\n<meta name=\"twitter:card\" content=\"summary_large_image\" \/>\n<meta name=\"twitter:label1\" content=\"Dur\u00e9e de lecture estim\u00e9e\" \/>\n\t<meta name=\"twitter:data1\" content=\"2 minutes\" \/>\n<script type=\"application\/ld+json\" class=\"yoast-schema-graph\">{\"@context\":\"https:\\\/\\\/schema.org\",\"@graph\":[{\"@type\":\"WebPage\",\"@id\":\"https:\\\/\\\/www.transfers-vip.com\\\/fr\\\/mentions-legales\\\/\",\"url\":\"https:\\\/\\\/www.transfers-vip.com\\\/fr\\\/mentions-legales\\\/\",\"name\":\"Mentions l\u00e9gales\",\"isPartOf\":{\"@id\":\"https:\\\/\\\/www.transfers-vip.com\\\/fr\\\/#website\"},\"datePublished\":\"2024-07-15T09:45:46+00:00\",\"dateModified\":\"2024-10-28T07:23:18+00:00\",\"breadcrumb\":{\"@id\":\"https:\\\/\\\/www.transfers-vip.com\\\/fr\\\/mentions-legales\\\/#breadcrumb\"},\"inLanguage\":\"fr-FR\",\"potentialAction\":[{\"@type\":\"ReadAction\",\"target\":[\"https:\\\/\\\/www.transfers-vip.com\\\/fr\\\/mentions-legales\\\/\"]}]},{\"@type\":\"BreadcrumbList\",\"@id\":\"https:\\\/\\\/www.transfers-vip.com\\\/fr\\\/mentions-legales\\\/#breadcrumb\",\"itemListElement\":[{\"@type\":\"ListItem\",\"position\":1,\"name\":\"Home\",\"item\":\"https:\\\/\\\/www.transfers-vip.com\\\/fr\\\/\"},{\"@type\":\"ListItem\",\"position\":2,\"name\":\"Mentions l\u00e9gales\"}]},{\"@type\":\"WebSite\",\"@id\":\"https:\\\/\\\/www.transfers-vip.com\\\/fr\\\/#website\",\"url\":\"https:\\\/\\\/www.transfers-vip.com\\\/fr\\\/\",\"name\":\"vip-transferts\",\"description\":\"\",\"publisher\":{\"@id\":\"https:\\\/\\\/www.transfers-vip.com\\\/fr\\\/#organization\"},\"potentialAction\":[{\"@type\":\"SearchAction\",\"target\":{\"@type\":\"EntryPoint\",\"urlTemplate\":\"https:\\\/\\\/www.transfers-vip.com\\\/fr\\\/?s={search_term_string}\"},\"query-input\":{\"@type\":\"PropertyValueSpecification\",\"valueRequired\":true,\"valueName\":\"search_term_string\"}}],\"inLanguage\":\"fr-FR\"},{\"@type\":\"Organization\",\"@id\":\"https:\\\/\\\/www.transfers-vip.com\\\/fr\\\/#organization\",\"name\":\"vip-transferts\",\"url\":\"https:\\\/\\\/www.transfers-vip.com\\\/fr\\\/\",\"logo\":{\"@type\":\"ImageObject\",\"inLanguage\":\"fr-FR\",\"@id\":\"https:\\\/\\\/www.transfers-vip.com\\\/fr\\\/#\\\/schema\\\/logo\\\/image\\\/\",\"url\":\"https:\\\/\\\/www.transfers-vip.com\\\/wp-content\\\/uploads\\\/2024\\\/04\\\/Logo-Small@-blck.png\",\"contentUrl\":\"https:\\\/\\\/www.transfers-vip.com\\\/wp-content\\\/uploads\\\/2024\\\/04\\\/Logo-Small@-blck.png\",\"width\":300,\"height\":300,\"caption\":\"vip-transferts\"},\"image\":{\"@id\":\"https:\\\/\\\/www.transfers-vip.com\\\/fr\\\/#\\\/schema\\\/logo\\\/image\\\/\"}}]}<\/script>\n<!-- \/ Yoast SEO plugin. -->","yoast_head_json":{"title":"Mentions l\u00e9gales","robots":{"index":"index","follow":"follow","max-snippet":"max-snippet:-1","max-image-preview":"max-image-preview:large","max-video-preview":"max-video-preview:-1"},"canonical":"https:\/\/www.transfers-vip.com\/fr\/mentions-legales\/","og_locale":"fr_FR","og_type":"article","og_title":"Mentions l\u00e9gales","og_description":"1.&nbsp; \u00c9diteur du Site : VIP INTERNATIONAL LTD Office 4 &#8211; 219 Kensington High Street, Kensington, London, England, W8 6BD info@viptransferts.com 2. Directeur de la publication : Timothy Pinto 3. H\u00e9bergeur : OVH SAS au capital de 10 174 560 \u20ac RCS Lille M\u00e9tropole 424 761 419 00045 Code APE 2620Z N\u00b0 TVA : FR [&hellip;]","og_url":"https:\/\/www.transfers-vip.com\/fr\/mentions-legales\/","og_site_name":"vip-transferts","article_modified_time":"2024-10-28T07:23:18+00:00","twitter_card":"summary_large_image","twitter_misc":{"Dur\u00e9e de lecture estim\u00e9e":"2 minutes"},"schema":{"@context":"https:\/\/schema.org","@graph":[{"@type":"WebPage","@id":"https:\/\/www.transfers-vip.com\/fr\/mentions-legales\/","url":"https:\/\/www.transfers-vip.com\/fr\/mentions-legales\/","name":"Mentions l\u00e9gales","isPartOf":{"@id":"https:\/\/www.transfers-vip.com\/fr\/#website"},"datePublished":"2024-07-15T09:45:46+00:00","dateModified":"2024-10-28T07:23:18+00:00","breadcrumb":{"@id":"https:\/\/www.transfers-vip.com\/fr\/mentions-legales\/#breadcrumb"},"inLanguage":"fr-FR","potentialAction":[{"@type":"ReadAction","target":["https:\/\/www.transfers-vip.com\/fr\/mentions-legales\/"]}]},{"@type":"BreadcrumbList","@id":"https:\/\/www.transfers-vip.com\/fr\/mentions-legales\/#breadcrumb","itemListElement":[{"@type":"ListItem","position":1,"name":"Home","item":"https:\/\/www.transfers-vip.com\/fr\/"},{"@type":"ListItem","position":2,"name":"Mentions l\u00e9gales"}]},{"@type":"WebSite","@id":"https:\/\/www.transfers-vip.com\/fr\/#website","url":"https:\/\/www.transfers-vip.com\/fr\/","name":"vip-transferts","description":"","publisher":{"@id":"https:\/\/www.transfers-vip.com\/fr\/#organization"},"potentialAction":[{"@type":"SearchAction","target":{"@type":"EntryPoint","urlTemplate":"https:\/\/www.transfers-vip.com\/fr\/?s={search_term_string}"},"query-input":{"@type":"PropertyValueSpecification","valueRequired":true,"valueName":"search_term_string"}}],"inLanguage":"fr-FR"},{"@type":"Organization","@id":"https:\/\/www.transfers-vip.com\/fr\/#organization","name":"vip-transferts","url":"https:\/\/www.transfers-vip.com\/fr\/","logo":{"@type":"ImageObject","inLanguage":"fr-FR","@id":"https:\/\/www.transfers-vip.com\/fr\/#\/schema\/logo\/image\/","url":"https:\/\/www.transfers-vip.com\/wp-content\/uploads\/2024\/04\/Logo-Small@-blck.png","contentUrl":"https:\/\/www.transfers-vip.com\/wp-content\/uploads\/2024\/04\/Logo-Small@-blck.png","width":300,"height":300,"caption":"vip-transferts"},"image":{"@id":"https:\/\/www.transfers-vip.com\/fr\/#\/schema\/logo\/image\/"}}]}},"_links":{"self":[{"href":"https:\/\/www.transfers-vip.com\/fr\/wp-json\/wp\/v2\/pages\/3011","targetHints":{"allow":["GET"]}}],"collection":[{"href":"https:\/\/www.transfers-vip.com\/fr\/wp-json\/wp\/v2\/pages"}],"about":[{"href":"https:\/\/www.transfers-vip.com\/fr\/wp-json\/wp\/v2\/types\/page"}],"author":[{"embeddable":true,"href":"https:\/\/www.transfers-vip.com\/fr\/wp-json\/wp\/v2\/users\/1"}],"replies":[{"embeddable":true,"href":"https:\/\/www.transfers-vip.com\/fr\/wp-json\/wp\/v2\/comments?post=3011"}],"version-history":[{"count":1,"href":"https:\/\/www.transfers-vip.com\/fr\/wp-json\/wp\/v2\/pages\/3011\/revisions"}],"predecessor-version":[{"id":5477,"href":"https:\/\/www.transfers-vip.com\/fr\/wp-json\/wp\/v2\/pages\/3011\/revisions\/5477"}],"wp:attachment":[{"href":"https:\/\/www.transfers-vip.com\/fr\/wp-json\/wp\/v2\/media?parent=3011"}],"curies":[{"name":"wp","href":"https:\/\/api.w.org\/{rel}","templated":true}]}}